{"id":4230,"date":"2022-09-21T21:45:24","date_gmt":"2022-09-21T21:45:24","guid":{"rendered":"http:\/\/heincke.co\/?page_id=4230"},"modified":"2024-05-02T14:51:38","modified_gmt":"2024-05-02T14:51:38","slug":"encuesta-de-satisfaccion-de-clientes","status":"publish","type":"page","link":"https:\/\/heincke.co\/es\/encuesta-de-satisfaccion-de-clientes\/","title":{"rendered":"Encuesta de satisfacci\u00f3n de clientes"},"content":{"rendered":"\n\t\t<div id=\"fws_69d54a8d0ce77\"  data-column-margin=\"default\" data-midnight=\"dark\"  class=\"wpb_row vc_row-fluid vc_row  top_margin_7pct\"  style=\"padding-top: 0px; padding-bottom: 0px; \"><div class=\"row-bg-wrap\" data-bg-animation=\"none\" data-bg-animation-delay=\"\" data-bg-overlay=\"false\"><div class=\"inner-wrap row-bg-layer\" ><div class=\"row-bg viewport-desktop\"  style=\"\"><\/div><\/div><\/div><div class=\"row_col_wrap_12 col span_12 dark left\">\n\t<div  class=\"vc_col-sm-12 wpb_column column_container vc_column_container col no-extra-padding inherit_tablet inherit_phone \"  data-padding-pos=\"all\" data-has-bg-color=\"false\" data-bg-color=\"\" data-bg-opacity=\"1\" data-animation=\"\" data-delay=\"0\" >\n\t\t<div class=\"vc_column-inner\" >\n\t\t\t<div class=\"wpb_wrapper\">\n\t\t\t\t<div class=\"nectar-split-heading \" data-align=\"center\" data-m-align=\"inherit\" data-text-effect=\"default\" data-animation-type=\"line-reveal-by-space\" data-animation-delay=\"0\" data-animation-offset=\"\" data-m-rm-animation=\"\" data-stagger=\"\" data-custom-font-size=\"false\" ><h1 >Encuesta de satisfacci\u00f3n<\/h1><\/div>\n\t\t\t<\/div> \n\t\t<\/div>\n\t<\/div> \n<\/div><\/div>\n\t\t<div id=\"fws_69d54a8d0d64d\"  data-column-margin=\"default\" data-midnight=\"dark\"  class=\"wpb_row vc_row-fluid vc_row\"  style=\"padding-top: 0px; padding-bottom: 0px; \"><div class=\"row-bg-wrap\" data-bg-animation=\"none\" data-bg-animation-delay=\"\" data-bg-overlay=\"false\"><div class=\"inner-wrap row-bg-layer\" ><div class=\"row-bg viewport-desktop\"  style=\"\"><\/div><\/div><\/div><div class=\"row_col_wrap_12 col span_12 dark left\">\n\t<div  class=\"vc_col-sm-3 wpb_column column_container vc_column_container col no-extra-padding inherit_tablet inherit_phone \"  data-padding-pos=\"all\" data-has-bg-color=\"false\" data-bg-color=\"\" data-bg-opacity=\"1\" data-animation=\"\" data-delay=\"0\" >\n\t\t<div class=\"vc_column-inner\" >\n\t\t\t<div class=\"wpb_wrapper\">\n\t\t\t\t\n\t\t\t<\/div> \n\t\t<\/div>\n\t<\/div> \n\n\t<div  class=\"vc_col-sm-6 wpb_column column_container vc_column_container col no-extra-padding inherit_tablet inherit_phone \"  data-padding-pos=\"all\" data-has-bg-color=\"false\" data-bg-color=\"\" data-bg-opacity=\"1\" data-animation=\"\" data-delay=\"0\" >\n\t\t<div class=\"vc_column-inner\" >\n\t\t\t<div class=\"wpb_wrapper\">\n\t\t\t\t\n<div class=\"wpb_text_column wpb_content_element \" >\n\t<p style=\"text-align: center;\">Gracias por tomarte el tiempo para realizar esta breve encuesta. Tu opini\u00f3n es muy valiosa para nosotros y nos ayuda a mejorar d\u00eda a d\u00eda.<\/p>\n<\/div>\n\n\n\n\n\t\t\t<\/div> \n\t\t<\/div>\n\t<\/div> \n\n\t<div  class=\"vc_col-sm-3 wpb_column column_container vc_column_container col no-extra-padding inherit_tablet inherit_phone \"  data-padding-pos=\"all\" data-has-bg-color=\"false\" data-bg-color=\"\" data-bg-opacity=\"1\" data-animation=\"\" data-delay=\"0\" >\n\t\t<div class=\"vc_column-inner\" >\n\t\t\t<div class=\"wpb_wrapper\">\n\t\t\t\t\n\t\t\t<\/div> \n\t\t<\/div>\n\t<\/div> \n<\/div><\/div>\n\t\t<div id=\"fws_69d54a8d0dda8\"  data-column-margin=\"default\" data-midnight=\"dark\" data-bottom-percent=\"10%\"  class=\"wpb_row vc_row-fluid vc_row  reverse_columns_desktop\"  style=\"padding-top: 0px; padding-bottom: calc(100vw * 0.10); \"><div class=\"row-bg-wrap\" data-bg-animation=\"none\" data-bg-animation-delay=\"\" data-bg-overlay=\"false\"><div class=\"inner-wrap row-bg-layer\" ><div class=\"row-bg viewport-desktop\"  style=\"\"><\/div><\/div><\/div><div class=\"row_col_wrap_12 col span_12 dark center\">\n\t<div  class=\"vc_col-sm-12 wpb_column column_container vc_column_container col no-extra-padding inherit_tablet inherit_phone \"  data-padding-pos=\"all\" data-has-bg-color=\"false\" data-bg-color=\"\" data-bg-opacity=\"1\" data-animation=\"\" data-delay=\"0\" >\n\t\t<div class=\"vc_column-inner\" >\n\t\t\t<div class=\"wpb_wrapper\">\n\t\t\t\t\n<div class=\"wpb_text_column wpb_content_element \" >\n\t<p><button style=\"all: unset; font-family: Helvetica,Arial,sans-serif; display: inline-block; max-width: 100%; white-space: nowrap; overflow: hidden; text-overflow: ellipsis; background-color: #e8b202; color: #000000; font-size: 22px; border-radius: 27px; padding: 0 36px; font-weight: bold; height: 55px; cursor: pointer; line-height: 55px; text-align: center; margin: 0; text-decoration: none;\" data-tf-popup=\"bb2fDvJO\" data-tf-iframe-props=\"title=NPS Clientes Heincke Group\" data-tf-medium=\"snippet\">\u00a1Empezar encuesta!<\/button><script src=\"\/\/embed.typeform.com\/next\/embed.js\"><\/script><\/p>\n<\/div>\n\n\n\n\n\t\t\t<\/div> \n\t\t<\/div>\n\t<\/div> \n<\/div><\/div>\n","protected":false},"excerpt":{"rendered":"Encuesta de satisfacci\u00f3n Gracias por tomarte el tiempo para realizar esta breve encuesta. Tu opini\u00f3n es muy valiosa para nosotros y nos ayuda a mejorar d\u00eda a d\u00eda. \u00a1Empezar encuesta!","protected":false},"author":16,"featured_media":0,"parent":0,"menu_order":0,"comment_status":"closed","ping_status":"closed","template":"","meta":{"inline_featured_image":false,"_joinchat":[],"footnotes":""},"class_list":["post-4230","page","type-page","status-publish"],"yoast_head":"<!-- This site is optimized with the Yoast SEO plugin v27.1.1 - https:\/\/yoast.com\/product\/yoast-seo-wordpress\/ -->\n<title>Encuesta de satisfacci\u00f3n de clientes - Heincke Group<\/title>\n<meta name=\"robots\" content=\"index, follow, max-snippet:-1, max-image-preview:large, max-video-preview:-1\" \/>\n<link rel=\"canonical\" href=\"https:\/\/heincke.co\/es\/encuesta-de-satisfaccion-de-clientes\/\" \/>\n<meta property=\"og:locale\" content=\"es_ES\" \/>\n<meta property=\"og:type\" content=\"article\" \/>\n<meta property=\"og:title\" content=\"Encuesta de satisfacci\u00f3n de clientes - Heincke Group\" \/>\n<meta property=\"og:url\" content=\"https:\/\/heincke.co\/es\/encuesta-de-satisfaccion-de-clientes\/\" \/>\n<meta property=\"og:site_name\" content=\"Heincke Group\" \/>\n<meta property=\"article:modified_time\" content=\"2024-05-02T14:51:38+00:00\" \/>\n<meta name=\"twitter:card\" content=\"summary_large_image\" \/>\n<meta name=\"twitter:label1\" content=\"Tiempo de lectura\" \/>\n\t<meta name=\"twitter:data1\" content=\"1 minuto\" \/>\n<script type=\"application\/ld+json\" class=\"yoast-schema-graph\">{\"@context\":\"https:\/\/schema.org\",\"@graph\":[{\"@type\":\"WebPage\",\"@id\":\"https:\/\/heincke.co\/encuesta-de-satisfaccion-de-clientes\/\",\"url\":\"https:\/\/heincke.co\/encuesta-de-satisfaccion-de-clientes\/\",\"name\":\"Encuesta de satisfacci\u00f3n de clientes - Heincke Group\",\"isPartOf\":{\"@id\":\"https:\/\/heincke.co\/en\/#website\"},\"datePublished\":\"2022-09-21T21:45:24+00:00\",\"dateModified\":\"2024-05-02T14:51:38+00:00\",\"breadcrumb\":{\"@id\":\"https:\/\/heincke.co\/encuesta-de-satisfaccion-de-clientes\/#breadcrumb\"},\"inLanguage\":\"es-CO\",\"potentialAction\":[{\"@type\":\"ReadAction\",\"target\":[\"https:\/\/heincke.co\/encuesta-de-satisfaccion-de-clientes\/\"]}]},{\"@type\":\"BreadcrumbList\",\"@id\":\"https:\/\/heincke.co\/encuesta-de-satisfaccion-de-clientes\/#breadcrumb\",\"itemListElement\":[{\"@type\":\"ListItem\",\"position\":1,\"name\":\"Home\",\"item\":\"https:\/\/heincke.co\/\"},{\"@type\":\"ListItem\",\"position\":2,\"name\":\"Encuesta de satisfacci\u00f3n de clientes\"}]},{\"@type\":\"WebSite\",\"@id\":\"https:\/\/heincke.co\/en\/#website\",\"url\":\"https:\/\/heincke.co\/en\/\",\"name\":\"Heincke Group\",\"description\":\"Alimentos Saludable &amp; Agricultura Sostenible\",\"publisher\":{\"@id\":\"https:\/\/heincke.co\/en\/#organization\"},\"potentialAction\":[{\"@type\":\"SearchAction\",\"target\":{\"@type\":\"EntryPoint\",\"urlTemplate\":\"https:\/\/heincke.co\/en\/?s={search_term_string}\"},\"query-input\":{\"@type\":\"PropertyValueSpecification\",\"valueRequired\":true,\"valueName\":\"search_term_string\"}}],\"inLanguage\":\"es-CO\"},{\"@type\":\"Organization\",\"@id\":\"https:\/\/heincke.co\/en\/#organization\",\"name\":\"HEINCKE\",\"url\":\"https:\/\/heincke.co\/en\/\",\"logo\":{\"@type\":\"ImageObject\",\"inLanguage\":\"es-CO\",\"@id\":\"https:\/\/heincke.co\/en\/#\/schema\/logo\/image\/\",\"url\":\"http:\/\/heincke.co\/wp-content\/uploads\/2018\/10\/HEINCKE-LOGO-F.jpg\",\"contentUrl\":\"http:\/\/heincke.co\/wp-content\/uploads\/2018\/10\/HEINCKE-LOGO-F.jpg\",\"width\":600,\"height\":592,\"caption\":\"HEINCKE\"},\"image\":{\"@id\":\"https:\/\/heincke.co\/en\/#\/schema\/logo\/image\/\"}}]}<\/script>\n<!-- \/ Yoast SEO plugin. -->","yoast_head_json":{"title":"Encuesta de satisfacci\u00f3n de clientes - Heincke Group","robots":{"index":"index","follow":"follow","max-snippet":"max-snippet:-1","max-image-preview":"max-image-preview:large","max-video-preview":"max-video-preview:-1"},"canonical":"https:\/\/heincke.co\/es\/encuesta-de-satisfaccion-de-clientes\/","og_locale":"es_ES","og_type":"article","og_title":"Encuesta de satisfacci\u00f3n de clientes - Heincke Group","og_url":"https:\/\/heincke.co\/es\/encuesta-de-satisfaccion-de-clientes\/","og_site_name":"Heincke Group","article_modified_time":"2024-05-02T14:51:38+00:00","twitter_card":"summary_large_image","twitter_misc":{"Tiempo de lectura":"1 minuto"},"schema":{"@context":"https:\/\/schema.org","@graph":[{"@type":"WebPage","@id":"https:\/\/heincke.co\/encuesta-de-satisfaccion-de-clientes\/","url":"https:\/\/heincke.co\/encuesta-de-satisfaccion-de-clientes\/","name":"Encuesta de satisfacci\u00f3n de clientes - Heincke Group","isPartOf":{"@id":"https:\/\/heincke.co\/en\/#website"},"datePublished":"2022-09-21T21:45:24+00:00","dateModified":"2024-05-02T14:51:38+00:00","breadcrumb":{"@id":"https:\/\/heincke.co\/encuesta-de-satisfaccion-de-clientes\/#breadcrumb"},"inLanguage":"es-CO","potentialAction":[{"@type":"ReadAction","target":["https:\/\/heincke.co\/encuesta-de-satisfaccion-de-clientes\/"]}]},{"@type":"BreadcrumbList","@id":"https:\/\/heincke.co\/encuesta-de-satisfaccion-de-clientes\/#breadcrumb","itemListElement":[{"@type":"ListItem","position":1,"name":"Home","item":"https:\/\/heincke.co\/"},{"@type":"ListItem","position":2,"name":"Encuesta de satisfacci\u00f3n de clientes"}]},{"@type":"WebSite","@id":"https:\/\/heincke.co\/en\/#website","url":"https:\/\/heincke.co\/en\/","name":"Heincke Group","description":"Alimentos Saludable &amp; Agricultura Sostenible","publisher":{"@id":"https:\/\/heincke.co\/en\/#organization"},"potentialAction":[{"@type":"SearchAction","target":{"@type":"EntryPoint","urlTemplate":"https:\/\/heincke.co\/en\/?s={search_term_string}"},"query-input":{"@type":"PropertyValueSpecification","valueRequired":true,"valueName":"search_term_string"}}],"inLanguage":"es-CO"},{"@type":"Organization","@id":"https:\/\/heincke.co\/en\/#organization","name":"HEINCKE","url":"https:\/\/heincke.co\/en\/","logo":{"@type":"ImageObject","inLanguage":"es-CO","@id":"https:\/\/heincke.co\/en\/#\/schema\/logo\/image\/","url":"http:\/\/heincke.co\/wp-content\/uploads\/2018\/10\/HEINCKE-LOGO-F.jpg","contentUrl":"http:\/\/heincke.co\/wp-content\/uploads\/2018\/10\/HEINCKE-LOGO-F.jpg","width":600,"height":592,"caption":"HEINCKE"},"image":{"@id":"https:\/\/heincke.co\/en\/#\/schema\/logo\/image\/"}}]}},"_links":{"self":[{"href":"https:\/\/heincke.co\/es\/wp-json\/wp\/v2\/pages\/4230","targetHints":{"allow":["GET"]}}],"collection":[{"href":"https:\/\/heincke.co\/es\/wp-json\/wp\/v2\/pages"}],"about":[{"href":"https:\/\/heincke.co\/es\/wp-json\/wp\/v2\/types\/page"}],"author":[{"embeddable":true,"href":"https:\/\/heincke.co\/es\/wp-json\/wp\/v2\/users\/16"}],"replies":[{"embeddable":true,"href":"https:\/\/heincke.co\/es\/wp-json\/wp\/v2\/comments?post=4230"}],"version-history":[{"count":1,"href":"https:\/\/heincke.co\/es\/wp-json\/wp\/v2\/pages\/4230\/revisions"}],"predecessor-version":[{"id":5152,"href":"https:\/\/heincke.co\/es\/wp-json\/wp\/v2\/pages\/4230\/revisions\/5152"}],"wp:attachment":[{"href":"https:\/\/heincke.co\/es\/wp-json\/wp\/v2\/media?parent=4230"}],"curies":[{"name":"wp","href":"https:\/\/api.w.org\/{rel}","templated":true}]}}